{"id":5512,"date":"2014-03-21T13:16:03","date_gmt":"2014-03-21T13:16:03","guid":{"rendered":"http:\/\/localhost:8888\/themes\/ventory\/?page_id=5512"},"modified":"2026-04-07T18:17:49","modified_gmt":"2026-04-07T18:17:49","slug":"home-ivonne","status":"publish","type":"page","link":"https:\/\/ivonnenahoe.cl\/","title":{"rendered":"Home"},"content":{"rendered":"<p>[vc_row type=\u00bbfull_width_section\u00bb tablet_landscape_visibility=\u00bbhide\u00bb tablet_portrait_visibility=\u00bbhide\u00bb mobile_landscape_visibility=\u00bbhide\u00bb mobile_portrait_visibility=\u00bbhide\u00bb bg_position=\u00bbleft top\u00bb][vc_column width=\u00bb1\/1&#8243;][rev_slider_vc alias=\u00bbfullscreen\u00bb][vc_single_image image=\u00bb15827&#8243; img_size=\u00bbfull\u00bb alignment=\u00bbcenter\u00bb][\/vc_column][\/vc_row][vc_row type=\u00bbfull_width_section\u00bb desktop_visibility=\u00bbhide\u00bb tablet_portrait_visibility=\u00bbhide\u00bb bg_position=\u00bbleft top\u00bb][vc_column width=\u00bb1\/1&#8243;][vc_single_image image=\u00bb16094&#8243; img_size=\u00bbFULL\u00bb][vc_single_image image=\u00bb15827&#8243; img_size=\u00bbfull\u00bb alignment=\u00bbcenter\u00bb][\/vc_column][\/vc_row][vc_row top_padding=\u00bb40&#8243; row_id=\u00bbintro\u00bb bg_position=\u00bbleft top\u00bb][vc_column width=\u00bb1\/1&#8243;]<h1 class=\"headline font-special fontsize-xxl fontweight-400 lh-inherit align-center transform-uppercase \" style=\"margin: 0 0 20px 0;\">Trabajando juntos <strong>en terreno.<\/strong><\/h1><div class=\"headline font-inherit fontsize-m fontweight-400 lh-inherit align-center transform-inherit \" style=\"margin: 0 0 60px 0; color: #999999;\">Aroha Nui e te repahoa e! Quiero invitarlos a conocer este espacio de comunicaci\u00f3n virtual que ser\u00e1 la plataforma p\u00fablica para acercar y afianzar los lazos comunicacionales con todos los habitantes de mi amado Kainga.<\/div>[\/vc_column][\/vc_row][vc_row bottom_padding=\u00bb100&#8243; row_id=\u00bbintro\u00bb][vc_column width=\u00bb1\/2&#8243;][vc_column_text]<\/p>\n<h6 class=\"highlight\">Acerca de m\u00ed<\/h6>\n<p>Soy mujer rapanui, consciente de las necesidades de nuestra isla y empe\u00f1ada en aportar con nuevas ideas de desarrollo para un futuro sustentable. Con la noble tarea de reafirmar los valores que nos fortalecen como cultura y comunidad para as\u00ed trabajar en la generaci\u00f3n de cambios urgentes que requiere nuestro territorio especial.<br \/>\nNo es un trabajo nuevo. Es el mismo anhelo que he sostenido durante los \u00faltimos a\u00f1os, junto a vecinos, familiares y residentes. S\u00e9 que todo est\u00e1 sujeto a mejoras, que nuestro dise\u00f1o comunitario es perfectible en educaci\u00f3n, salud, familia, cultura, patrimonio material e inmaterial, infraestructura p\u00fablica y relaciones internacionales, principalmente con nuestros hermanos polin\u00e9sicos.[\/vc_column_text][\/vc_column][vc_column width=\u00bb1\/2&#8243;]<div class=\"single_image wpb_content_element align-center  animate   \" data-animation=\"fade-in-from-right\" data-delay=\"0\"><img loading=\"lazy\" decoding=\"async\" width=\"400\" height=\"462\" src=\"https:\/\/ivonnenahoe.cl\/wp-content\/uploads\/2024\/09\/ACERCA.jpg\" class=\"attachment-large\" alt=\"\" title=\"ACERCA\" srcset=\"https:\/\/ivonnenahoe.cl\/wp-content\/uploads\/2024\/09\/ACERCA.jpg 400w, https:\/\/ivonnenahoe.cl\/wp-content\/uploads\/2024\/09\/ACERCA-260x300.jpg 260w\" sizes=\"auto, (max-width: 400px) 100vw, 400px\" \/><\/div>[\/vc_column][\/vc_row][vc_row bg_image=\u00bb15455&#8243; parallax_bg=\u00bbtrue\u00bb text_color=\u00bbcustom\u00bb custom_text_color=\u00bb#3a3a3a\u00bb top_padding=\u00bb100&#8243; bottom_padding=\u00bb100&#8243; row_id=\u00bbfeatures\u00bb][vc_column width=\u00bb1\/2&#8243;][vc_column_text]<\/p>\n<h6 class=\"highlight\">Mi Prop\u00f3sito<\/h6>\n<p>Me siento motivada por seguir enfrentando nuevos desaf\u00edos, todos enfocados en el noble servicio social, atenta a las necesidades reales de los vecinos, con quienes mantengo una cercan\u00eda privilegiada. Cada acci\u00f3n comunitaria que he emprendido, me ha conectado con las necesidades reales de la comunidad y sus prioridades, siendo un anhelo de todos la transparencia, una mejor gesti\u00f3n municipal y la eficiente utilizaci\u00f3n de los recursos p\u00fablicos, de esta forma lograremos un desarrollo justo, con bienestar social y sustentable en el tiempo, nunca perdiendo de vista nuestra cosmovisi\u00f3n como rapanui.[\/vc_column_text][\/vc_column][vc_column width=\u00bb1\/2&#8243;][vc_column_text]<\/p>\n<h6 class=\"highlight\">Mi Misi\u00f3n<\/h6>\n<p>Espero a trav\u00e9s de esta plataforma, llegar de un modo transversal a toda la comunidad y canalizar las necesidades de nuestros vecinos, organizaciones sociales y de inter\u00e9s p\u00fablico, agrupaciones culturales y deportivas, y tambi\u00e9n de aquellas que representan la diversidad e inclusi\u00f3n en nuestra querida Rapa Nui. De esta forma integradora y participativa lograr mejorar la calidad de vida de todas y todos siendo un puente integrador que permita lograr el sue\u00f1o de ser un ejemplo de territorio insular a nivel mundial.<\/p>\n<p>Aroha nui-nui, hai hanga o te Rapa Nui !!![\/vc_column_text][\/vc_column][\/vc_row][vc_row bg_color=\u00bb#fafafa\u00bb top_padding=\u00bb80&#8243; bottom_padding=\u00bb40&#8243; row_id=\u00bbblogposts\u00bb bg_position=\u00bbcenter top\u00bb][vc_column width=\u00bb1\/1&#8243;]<h2 class=\"headline font-special fontsize-xxl fontweight-400 lh-inherit align-center transform-uppercase \" style=\"margin: 0 0 20px 0;\">JUNTO A LA <strong>COMUNIDAD<\/strong><\/h2><div class=\"headline font-inherit fontsize-m fontweight-400 lh-inherit align-center transform-inherit \" style=\"margin: 0 0 60px 0; color: #999999;\">Trabajo en conjunto con los vecinos y comunidad Rapa Nui, actividades y eventos.<\/div><div class=\"latest-blog style-white\"\"><div class=\"blog-carousel\"><div class=\"blog-item\"><a href=\"https:\/\/ivonnenahoe.cl\/?p=16126\" title=\"Gestiones y reuniones ministeriales para avanzar en temas prioritarios de Rapa Nui\" class=\"blog-pic\"><img decoding=\"async\" src=\"https:\/\/ivonnenahoe.cl\/wp-content\/uploads\/2026\/05\/WhatsApp-Image-2026-05-09-at-14.06.03-1-600x400.jpeg\" alt=\"Gestiones y reuniones ministeriales para avanzar en temas prioritarios de Rapa Nui\" \/><span class=\"blog-overlay\"><\/span><i class=\"fa fa-align-left\"><\/i><\/a><div class=\"blog-item-description\">\n\t\t\t\t\t\t\t<h4><a href=\"https:\/\/ivonnenahoe.cl\/?p=16126\" title=\"Gestiones y reuniones ministeriales para avanzar en temas prioritarios de Rapa Nui\">Gestiones y reuniones ministeriales para avanzar en temas prioritarios de Rapa Nui<\/a><\/h4>\n\t\t\t\t\t  \t\t<div>Durante la semana del 04 al 08 de mayo, junto a autoridades y representantes de CODEIPA, se particip\u00f3 en diversas... <a class=\"read-more-link\" href=\"https:\/\/ivonnenahoe.cl\/?p=16126\">read more  &rarr;<\/a><\/div>\n\t\t\t\t\t  \t\t<span>mayo 12, 2026<\/span>\n\t\t\t\t  \t\t<\/div><\/div><div class=\"blog-item\"><a href=\"https:\/\/ivonnenahoe.cl\/?p=16123\" title=\"Nueva Sala Fit fortalece el deporte y la vida saludable en Rapa Nui\" class=\"blog-pic\"><img decoding=\"async\" src=\"https:\/\/ivonnenahoe.cl\/wp-content\/uploads\/2026\/05\/Sala-Fit-12-600x400.jpg\" alt=\"Nueva Sala Fit fortalece el deporte y la vida saludable en Rapa Nui\" \/><span class=\"blog-overlay\"><\/span><i class=\"fa fa-align-left\"><\/i><\/a><div class=\"blog-item-description\">\n\t\t\t\t\t\t\t<h4><a href=\"https:\/\/ivonnenahoe.cl\/?p=16123\" title=\"Nueva Sala Fit fortalece el deporte y la vida saludable en Rapa Nui\">Nueva Sala Fit fortalece el deporte y la vida saludable en Rapa Nui<\/a><\/h4>\n\t\t\t\t\t  \t\t<div>La inauguraci\u00f3n de la nueva Sala Fit, realizada a fines de abril, marca un importante avance para seguir fortaleciendo el... <a class=\"read-more-link\" href=\"https:\/\/ivonnenahoe.cl\/?p=16123\">read more  &rarr;<\/a><\/div>\n\t\t\t\t\t  \t\t<span>mayo 9, 2026<\/span>\n\t\t\t\t  \t\t<\/div><\/div><div class=\"blog-item\"><a href=\"https:\/\/ivonnenahoe.cl\/?p=16120\" title=\"6\u00b0 Aniversario del Vivero O\u2018one Hatu: Compromiso con la conservaci\u00f3n de Rapa Nui\" class=\"blog-pic\"><img decoding=\"async\" src=\"https:\/\/ivonnenahoe.cl\/wp-content\/uploads\/2026\/05\/WhatsApp-Image-2026-04-30-at-18.21.34-600x400.jpeg\" alt=\"6\u00b0 Aniversario del Vivero O\u2018one Hatu: Compromiso con la conservaci\u00f3n de Rapa Nui\" \/><span class=\"blog-overlay\"><\/span><i class=\"fa fa-align-left\"><\/i><\/a><div class=\"blog-item-description\">\n\t\t\t\t\t\t\t<h4><a href=\"https:\/\/ivonnenahoe.cl\/?p=16120\" title=\"6\u00b0 Aniversario del Vivero O\u2018one Hatu: Compromiso con la conservaci\u00f3n de Rapa Nui\">6\u00b0 Aniversario del Vivero O\u2018one Hatu: Compromiso con la conservaci\u00f3n de Rapa Nui<\/a><\/h4>\n\t\t\t\t\t  \t\t<div>Acompa\u00f1amos la conmemoraci\u00f3n del 6\u00b0 aniversario del Vivero O\u2018one Hatu, un espacio fundamental para el cuidado de nuestra flora y... <a class=\"read-more-link\" href=\"https:\/\/ivonnenahoe.cl\/?p=16120\">read more  &rarr;<\/a><\/div>\n\t\t\t\t\t  \t\t<span>mayo 6, 2026<\/span>\n\t\t\t\t  \t\t<\/div><\/div><div class=\"blog-item\"><a href=\"https:\/\/ivonnenahoe.cl\/?p=16116\" title=\"Inicio de obras en Atamu Tekena: visita en terreno junto a comunidad\" class=\"blog-pic\"><img decoding=\"async\" src=\"https:\/\/ivonnenahoe.cl\/wp-content\/uploads\/2026\/05\/vecinos-600x400.jpg\" alt=\"Inicio de obras en Atamu Tekena: visita en terreno junto a comunidad\" \/><span class=\"blog-overlay\"><\/span><i class=\"fa fa-align-left\"><\/i><\/a><div class=\"blog-item-description\">\n\t\t\t\t\t\t\t<h4><a href=\"https:\/\/ivonnenahoe.cl\/?p=16116\" title=\"Inicio de obras en Atamu Tekena: visita en terreno junto a comunidad\">Inicio de obras en Atamu Tekena: visita en terreno junto a comunidad<\/a><\/h4>\n\t\t\t\t\t  \t\t<div>Junto al Concejo Municipal y la Tavana Elizabeth Ar\u00e9valo, y en compa\u00f1\u00eda de vecinas, vecinos y comerciantes de Atamu Tekena,... <a class=\"read-more-link\" href=\"https:\/\/ivonnenahoe.cl\/?p=16116\">read more  &rarr;<\/a><\/div>\n\t\t\t\t\t  \t\t<span>mayo 5, 2026<\/span>\n\t\t\t\t  \t\t<\/div><\/div><div class=\"blog-item\"><a href=\"https:\/\/ivonnenahoe.cl\/?p=16112\" title=\"Proyectos de mejoramiento urbano avanzan en beneficio de la comunidad de Rapa Nui\" class=\"blog-pic\"><img decoding=\"async\" src=\"https:\/\/ivonnenahoe.cl\/wp-content\/uploads\/2026\/04\/POST-1-600x400.jpg\" alt=\"Proyectos de mejoramiento urbano avanzan en beneficio de la comunidad de Rapa Nui\" \/><span class=\"blog-overlay\"><\/span><i class=\"fa fa-align-left\"><\/i><\/a><div class=\"blog-item-description\">\n\t\t\t\t\t\t\t<h4><a href=\"https:\/\/ivonnenahoe.cl\/?p=16112\" title=\"Proyectos de mejoramiento urbano avanzan en beneficio de la comunidad de Rapa Nui\">Proyectos de mejoramiento urbano avanzan en beneficio de la comunidad de Rapa Nui<\/a><\/h4>\n\t\t\t\t\t  \t\t<div>En el marco de los compromisos con el desarrollo comunal, se concreta la firma con la empresa constructora de Cornelio... <a class=\"read-more-link\" href=\"https:\/\/ivonnenahoe.cl\/?p=16112\">read more  &rarr;<\/a><\/div>\n\t\t\t\t\t  \t\t<span>abril 30, 2026<\/span>\n\t\t\t\t  \t\t<\/div><\/div><div class=\"blog-item\"><a href=\"https:\/\/ivonnenahoe.cl\/?p=16109\" title=\"Cuenta P\u00fablica Gesti\u00f3n Municipal 2025 se realizar\u00e1 este 30 de abril en Rapa Nui\" class=\"blog-pic\"><img decoding=\"async\" src=\"https:\/\/ivonnenahoe.cl\/wp-content\/uploads\/2026\/04\/municipalidad-600x400.jpg\" alt=\"Cuenta P\u00fablica Gesti\u00f3n Municipal 2025 se realizar\u00e1 este 30 de abril en Rapa Nui\" \/><span class=\"blog-overlay\"><\/span><i class=\"fa fa-align-left\"><\/i><\/a><div class=\"blog-item-description\">\n\t\t\t\t\t\t\t<h4><a href=\"https:\/\/ivonnenahoe.cl\/?p=16109\" title=\"Cuenta P\u00fablica Gesti\u00f3n Municipal 2025 se realizar\u00e1 este 30 de abril en Rapa Nui\">Cuenta P\u00fablica Gesti\u00f3n Municipal 2025 se realizar\u00e1 este 30 de abril en Rapa Nui<\/a><\/h4>\n\t\t\t\t\t  \t\t<div>El jueves 30 de abril, en sesi\u00f3n extraordinaria del Concejo Municipal, la Tavana, Sra. Elizabeth Ar\u00e9valo Pakarati, presentar\u00e1 ante el... <a class=\"read-more-link\" href=\"https:\/\/ivonnenahoe.cl\/?p=16109\">read more  &rarr;<\/a><\/div>\n\t\t\t\t\t  \t\t<span>abril 30, 2026<\/span>\n\t\t\t\t  \t\t<\/div><\/div><\/div><\/div><div class=\"clear\"><\/div>[\/vc_column][\/vc_row][vc_row type=\u00bbfull_width_section\u00bb row_id=\u00bbfeatures\u00bb bg_position=\u00bbleft top\u00bb][vc_column bg_color=\u00bb#222222&#8243; column_padding=\u00bbpadding-5&#8243; text_color=\u00bbcustom\u00bb custom_text_color=\u00bb#44bdbd\u00bb width=\u00bb1\/2&#8243;]<div class=\"headline font-special fontsize-xxxxxl fontweight-400 lh-12 align-left transform-uppercase \" style=\"margin: 0; color: #feab68;\">PASI\u00d3N, EXPERIENCIA Y NUEVAS <span style=\"color: #ff957c;\">IDEAS.<\/span><\/div>[\/vc_column][vc_column bg_color=\u00bb#ff8726&#8243; column_padding=\u00bbpadding-5&#8243; column_center=\u00bbtrue\u00bb text_color=\u00bblight\u00bb width=\u00bb1\/2&#8243;][vc_column_text]<\/p>\n<h5 class=\"single-post-title entry-title\">ABORDANDO DESDE LA COMPRENSI\u00d3N EL MEDIO AMBIENTE, PATRIMONIO Y DERECHO DEL PUEBLO RAPA NUI.<\/h5>\n<p>Abordar las tem\u00e1ticas medioambientales insulares, requiere de un entendimiento m\u00ednimo de las din\u00e1micas locales.<\/p>\n<ul>\n<li>Hai rima, mo a\u014ba mo t\u014d&#8217;oku ta\u014bata,<\/li>\n<li>Hai p\u00fb&#8217;oko, mo haka topa i te mana&#8217;u mo haka tika i te ha&#8217;amaitai ki t\u014d&#8217;oku ta\u014bata,<\/li>\n<li>Hai m\u00e3hatu, mo haka ro\u014bo hai ha\u014ba i te v\u00e3na\u014ba parauti&#8217;a o t\u014d&#8217;oku ta\u014bata&#8230;<\/li>\n<\/ul>\n<p>[\/vc_column_text]<a href=\"https:\/\/ivonnenahoe.cl\/?page_id=9380\" target=\"_self\" class=\"button button-appear color-8 large \" style=\"border-radius: 2px;\"><span>Leer m\u00e1s<i class='fa fa-chevron-right'><\/i><\/span><\/a>[\/vc_column][\/vc_row][vc_row bg_image=\u00bb15437&#8243; bg_color=\u00bb#f9f9f9&#8243; text_align=\u00bbcenter\u00bb top_padding=\u00bb100&#8243; bottom_padding=\u00bb400&#8243; row_id=\u00bbcontact\u00bb bg_position=\u00bbleft top\u00bb][vc_column width=\u00bb1\/1&#8243;]<h2 class=\"headline font-special fontsize-xxl fontweight-inherit lh-inherit align-center transform-uppercase \" style=\"margin: 0 0 20px 0;\">Hagamos<strong> Contacto.<\/strong><\/h2><div class=\"headline font-inherit fontsize-m fontweight-inherit lh-inherit align-center transform-inherit \" style=\"margin: 0 0 60px 0; color: #3d3d3d;\">Con\u00f3ceme y construyamos juntos futuro para nuestra hermosa isla<\/div>[vc_column_text el_class=\u00bbcustomclass1&#8243;]<div class=\"social-icon social-big\"><a href=\"https:\/\/www.facebook.com\/ivonnenahoe\/\" target=\"_blank\" title=\"\"><i class=\"fa fa-facebook\"><\/i><\/a><\/div><div class=\"social-icon social-big\"><a href=\"https:\/\/www.instagram.com\/ivonnenahoe\/\" target=\"_blank\" title=\"\"><i class=\"fa fa-instagram\"><\/i><\/a><\/div><div class=\"social-icon social-big\"><a href=\"#\" target=\"_blank\" title=\"\"><i class=\"fa fa-youtube\"><\/i><\/a><\/div><div class=\"clear\"><\/div>[\/vc_column_text][\/vc_column][\/vc_row]<\/p>\n","protected":false},"excerpt":{"rendered":"<p>[vc_row type=\u00bbfull_width_section\u00bb tablet_landscape_visibility=\u00bbhide\u00bb tablet_portrait_visibility=\u00bbhide\u00bb mobile_landscape_visibility=\u00bbhide\u00bb mobile_portrait_visibility=\u00bbhide\u00bb bg_position=\u00bbleft top\u00bb][vc_column width=\u00bb1\/1&#8243;][rev_slider_vc alias=\u00bbfullscreen\u00bb][vc_single_image image=\u00bb15827&#8243; img_size=\u00bbfull\u00bb alignment=\u00bbcenter\u00bb][\/vc_column][\/vc_row][vc_row type=\u00bbfull_width_section\u00bb desktop_visibility=\u00bbhide\u00bb tablet_portrait_visibility=\u00bbhide\u00bb bg_position=\u00bbleft top\u00bb][vc_column width=\u00bb1\/1&#8243;][vc_single_image image=\u00bb16094&#8243; img_size=\u00bbFULL\u00bb][vc_single_image image=\u00bb15827&#8243; img_size=\u00bbfull\u00bb alignment=\u00bbcenter\u00bb][\/vc_column][\/vc_row][vc_row top_padding=\u00bb40&#8243; row_id=\u00bbintro\u00bb bg_position=\u00bbleft top\u00bb][vc_column width=\u00bb1\/1&#8243;][\/vc_column][\/vc_row][vc_row bottom_padding=\u00bb100&#8243; row_id=\u00bbintro\u00bb][vc_column width=\u00bb1\/2&#8243;][vc_column_text] Acerca de m\u00ed Soy mujer rapanui, consciente de las necesidades de nuestra isla y empe\u00f1ada en aportar con nuevas ideas de desarrollo para un futuro sustentable. Con la noble tarea de reafirmar los valores que nos fortalecen como cultura y comunidad para as\u00ed trabajar en la generaci\u00f3n de cambios urgentes que requiere nuestro territorio especial. No es un trabajo nuevo. Es el mismo anhelo que he sostenido durante los \u00faltimos a\u00f1os, junto a vecinos, familiares y residentes. S\u00e9 que todo est\u00e1 sujeto a mejoras, que nuestro dise\u00f1o comunitario es perfectible en educaci\u00f3n, salud, familia, cultura, patrimonio material e inmaterial, infraestructura p\u00fablica y relaciones internacionales, principalmente con nuestros hermanos polin\u00e9sicos.[\/vc_column_text][\/vc_column][vc_column width=\u00bb1\/2&#8243;][\/vc_column][\/vc_row][vc_row bg_image=\u00bb15455&#8243; parallax_bg=\u00bbtrue\u00bb text_color=\u00bbcustom\u00bb custom_text_color=\u00bb#3a3a3a\u00bb top_padding=\u00bb100&#8243; bottom_padding=\u00bb100&#8243; row_id=\u00bbfeatures\u00bb][vc_column width=\u00bb1\/2&#8243;][vc_column_text] Mi Prop\u00f3sito Me siento motivada por seguir enfrentando nuevos desaf\u00edos, todos enfocados en el noble servicio social, atenta a las necesidades reales de los vecinos, con quienes mantengo una cercan\u00eda privilegiada. Cada acci\u00f3n comunitaria que he emprendido, me ha conectado con las necesidades reales de la comunidad y sus prioridades, [&hellip;]<\/p>\n","protected":false},"author":1,"featured_media":0,"parent":0,"menu_order":0,"comment_status":"closed","ping_status":"closed","template":"","meta":{"footnotes":""},"class_list":["post-5512","page","type-page","status-publish","hentry"],"_links":{"self":[{"href":"https:\/\/ivonnenahoe.cl\/index.php?rest_route=\/wp\/v2\/pages\/5512","targetHints":{"allow":["GET"]}}],"collection":[{"href":"https:\/\/ivonnenahoe.cl\/index.php?rest_route=\/wp\/v2\/pages"}],"about":[{"href":"https:\/\/ivonnenahoe.cl\/index.php?rest_route=\/wp\/v2\/types\/page"}],"author":[{"embeddable":true,"href":"https:\/\/ivonnenahoe.cl\/index.php?rest_route=\/wp\/v2\/users\/1"}],"replies":[{"embeddable":true,"href":"https:\/\/ivonnenahoe.cl\/index.php?rest_route=%2Fwp%2Fv2%2Fcomments&post=5512"}],"version-history":[{"count":58,"href":"https:\/\/ivonnenahoe.cl\/index.php?rest_route=\/wp\/v2\/pages\/5512\/revisions"}],"predecessor-version":[{"id":16097,"href":"https:\/\/ivonnenahoe.cl\/index.php?rest_route=\/wp\/v2\/pages\/5512\/revisions\/16097"}],"wp:attachment":[{"href":"https:\/\/ivonnenahoe.cl\/index.php?rest_route=%2Fwp%2Fv2%2Fmedia&parent=5512"}],"curies":[{"name":"wp","href":"https:\/\/api.w.org\/{rel}","templated":true}]}}