{"id":9380,"date":"2014-07-04T09:36:56","date_gmt":"2014-07-04T09:36:56","guid":{"rendered":"http:\/\/localhost:8888\/themes\/ventory\/?page_id=9380"},"modified":"2024-08-26T19:56:07","modified_gmt":"2024-08-26T19:56:07","slug":"quien-soy","status":"publish","type":"page","link":"https:\/\/ivonnenahoe.cl\/?page_id=9380","title":{"rendered":"\u00bfQUI\u00c9N SOY?"},"content":{"rendered":"<p>[vc_row bg_image=\u00bb15823&#8243; text_color=\u00bblight\u00bb top_padding=\u00bb300&#8243; bottom_padding=\u00bb60&#8243; bg_position=\u00bbcenter center\u00bb][vc_column width=\u00bb1\/1&#8243;]<div class=\"headline font-special fontsize-m fontweight-700 lh-inherit align-left transform-uppercase \" style=\"margin: 0; color: rgba(255,255,255,0.6);\">ACERCA DE MI<\/div><h1 class=\"headline font-special fontsize-xxxxl fontweight-700 lh-12 align-left transform-uppercase \" style=\"margin: 0;\">\u00bfQUIEN SOY?<\/h1>[\/vc_column][\/vc_row][vc_row bg_color=\u00bb#ff8726&#8243; top_padding=\u00bb20&#8243; bottom_padding=\u00bb20&#8243; bg_position=\u00bbcenter center\u00bb][vc_column bg_color=\u00bb#ff8726&#8243; column_center=\u00bbtrue\u00bb width=\u00bb1\/1&#8243;]<h2 class=\"headline font-special fontsize-m fontweight-700 lh-inherit align-center transform-uppercase \" style=\"margin: 0; color: #ffffff;\">Mi nombre es JOSEFINA IVONNE NAHOE ZAMORA, mujer rapanui, hija de Adolfo y Ernestina.<\/h2>[\/vc_column][\/vc_row][vc_row top_padding=\u00bb20&#8243; bottom_padding=\u00bb20&#8243; bg_position=\u00bbcenter center\u00bb][vc_column column_center=\u00bbtrue\u00bb width=\u00bb1\/1&#8243;][vc_single_image image=\u00bb15827&#8243; img_size=\u00bbfull\u00bb alignment=\u00bbcenter\u00bb][\/vc_column][\/vc_row][vc_row top_padding=\u00bb100&#8243; bottom_padding=\u00bb60&#8243; bg_position=\u00bbleft top\u00bb][vc_column width=\u00bb1\/3&#8243;][vc_column_text]<\/p>\n<h6>Sobre M\u00ed<\/h6>\n<p>Es dif\u00edcil poder resumir en pocas palabras lo que ha sido parte de mi vida\u2026Mi nombre es JOSEFINA IVONNE NAHOE ZAMORA, mujer rapanui, hija de Adolfo Zamora Arancibia ( Sargento FACH) y Ernestina Nahoe Pat\u00e9. Soy descendiente de antiguos linajes, heredera del Mana conciliador, constructivo y fuerte, que caracteriz\u00f3 a nuestros antepasados.<br \/>\nDe familia humilde y esforzada, nac\u00ed en el continente y estudi\u00e9 en colegios p\u00fablicos en comunas del gran Santiago.<br \/>\nSiempre sent\u00ed la nostalgia de mi isla y vol\u00e9 al encuentro con mi familia cada vez que pude, absorbiendo en cada viaje la esencia cultural de mi pueblo.<br \/>\nCon mucho esfuerzo ingres\u00e9 a los estudios superiores y logr\u00e9 buenos resultados acad\u00e9micos participando activamente en las actividades culturales de mi universidad.[\/vc_column_text][\/vc_column][vc_column width=\u00bb1\/3&#8243;][vc_column_text]<\/p>\n<h6>Formaci\u00f3n y primeros a\u00f1os<\/h6>\n<p>En 1992 egres\u00e9 de la carrera de Ingenier\u00eda Comercial, dejando orgullosa, como especial legado hasta hoy en d\u00eda, el baile Rapa Nui en el Conjunto Folcl\u00f3rico de la instituci\u00f3n.<\/p>\n<p>A partir de entonces comenc\u00e9 a ejercer en el Diario El Nortino de Iquique, primero como asesora, para luego llegar a ser su Gerente Comercial de administraci\u00f3n.<\/p>\n<p>El a\u00f1o 1994 me cas\u00e9 con Eduardo Lema Penna, con qui\u00e9n traje al mundo a mis amados hijos, Eduardo, Tiare y Bruno, convirti\u00e9ndose mi n\u00facleo, en mi m\u00e1s s\u00f3lida plataforma, desde la que proyecto, todos los dem\u00e1s aspectos de mi vida.<\/p>\n<p>En 1995 asum\u00ed la direcci\u00f3n de la oficina comercial del diario La Naci\u00f3n en Valpara\u00edso, manteniendo v\u00ednculos con la isla.<\/p>\n<p>El a\u00f1o 2006 consegu\u00ed mi MBA en Gesti\u00f3n Empresarial en la Universidad Santa Mar\u00eda, para luego ser ascendida al cargo de Sub-gerente de Ventas del Diario La Naci\u00f3n.[\/vc_column_text][\/vc_column][vc_column width=\u00bb1\/3&#8243;][vc_column_text]<\/p>\n<h6>En Rapa Nui<\/h6>\n<p>Regres\u00e9 en 2009 para inaugurar la primera oficina de un banco privado, Santander. Desde esta posici\u00f3n contribu\u00ed en la formaci\u00f3n y educaci\u00f3n bancaria de la comunidad isle\u00f1a, relacion\u00e1ndome en forma directa con las personas, e impulsando sus emprendimientos.<\/p>\n<p>En forma paralela, el 2011 particip\u00e9 de la re-activaci\u00f3n de la Junta de Vecinos en Hanga Roa, motivada por mi natural disposici\u00f3n al servicio p\u00fablico, siendo elegida secretaria en la directiva.<\/p>\n<p>Desde all\u00ed, he apoyado a la comunidad generando proyectos sociales de integraci\u00f3n e inclusi\u00f3n, participando en la formaci\u00f3n del conjunto folcl\u00f3rico de la Junta, fomentando actividades para el cuidado del medio ambiente, impulsando la participaci\u00f3n activa de los vecinos en la limpieza y ordenamiento del barrio, organizando plantaciones de \u00e1rboles, implementando puntos limpios y organizando actividades de recreaci\u00f3n para los vecinos y sus familias.<\/p>\n<p>El a\u00f1o 2013 decid\u00ed dejar la banca, motivada por contribuir de lleno, en materias sociales y gremiales en Rapa Nui, convencida de que es necesario ayudar en la planificaci\u00f3n estrat\u00e9gica del territorio.[\/vc_column_text][\/vc_column][\/vc_row][vc_row type=\u00bbfull_width_section\u00bb bg_position=\u00bbleft top\u00bb][vc_column bg_color=\u00bb#222222&#8243; column_padding=\u00bbpadding-5&#8243; column_center=\u00bbtrue\u00bb text_color=\u00bblight\u00bb width=\u00bb1\/3&#8243;][vc_column_text]<\/p>\n<h3 class=\"font-special\">Dirigente Gremial<\/h3>\n<p>Desde el 2013 tuve el honor de haber sido nombrada dirigente gremial del sector empresarial tur\u00edstico. Como vicepresidenta de la C\u00e1mara de Turismo contribu\u00ed en la planificaci\u00f3n estrat\u00e9gica del destino,<br \/>\ngenerando puentes con el continente y la Polinesia Francesa, a trav\u00e9s de redes p\u00fablicas y privadas, con los actores claves del rubro.[\/vc_column_text][\/vc_column][vc_column bg_image=\u00bb15495&#8243; column_padding=\u00bbpadding-5&#8243; column_center=\u00bbtrue\u00bb width=\u00bb1\/3&#8243;]<div class=\"spacer\" style=\"height: 200px;\"><\/div>[\/vc_column][vc_column bg_color=\u00bb#fafafa\u00bb bg_image=\u00bb15500&#8243; column_padding=\u00bbpadding-5&#8243; column_center=\u00bbtrue\u00bb width=\u00bb1\/3&#8243;]<div class=\"spacer\" style=\"height: 200px;\"><\/div>[\/vc_column][\/vc_row][vc_row type=\u00bbfull_width_section\u00bb bg_position=\u00bbleft top\u00bb][vc_column bg_image=\u00bb15494&#8243; column_padding=\u00bbpadding-5&#8243; column_center=\u00bbtrue\u00bb width=\u00bb1\/3&#8243;]<div class=\"spacer\" style=\"height: 200px;\"><\/div>[\/vc_column][vc_column bg_color=\u00bb#ff8726&#8243; column_padding=\u00bbpadding-5&#8243; column_center=\u00bbtrue\u00bb text_color=\u00bblight\u00bb width=\u00bb1\/3&#8243;][vc_column_text]<\/p>\n<h3 class=\"font-special\">Trabajo<\/h3>\n<p>El a\u00f1o 2014 fu\u00ed parte del Directorio de Sasipa Spa. Desde esta posici\u00f3n contribu\u00ed en la planificaci\u00f3n estrat\u00e9gica de la empresa, instalando como prioridad el recurso humano y su formaci\u00f3n, apoyando<br \/>\nlas iniciativas de capacitaci\u00f3n, formando parte del comit\u00e9 insular, impulsando la pol\u00edtica de sustentabilidad y acercando a Sasipa a la comunidad.<\/p>\n<p>[\/vc_column_text][\/vc_column][vc_column bg_image=\u00bb15499&#8243; column_padding=\u00bbpadding-5&#8243; column_center=\u00bbtrue\u00bb width=\u00bb1\/3&#8243;]<div class=\"spacer\" style=\"height: 200px;\"><\/div>[\/vc_column][\/vc_row][vc_row type=\u00bbfull_width_section\u00bb bg_position=\u00bbleft top\u00bb][vc_column bg_image=\u00bb15497&#8243; column_padding=\u00bbpadding-5&#8243; column_center=\u00bbtrue\u00bb width=\u00bb1\/3&#8243;]<div class=\"spacer\" style=\"height: 200px;\"><\/div>[\/vc_column][vc_column bg_image=\u00bb15508&#8243; column_padding=\u00bbpadding-5&#8243; column_center=\u00bbtrue\u00bb width=\u00bb1\/3&#8243;]<div class=\"spacer\" style=\"height: 200px;\"><\/div>[\/vc_column][vc_column bg_color=\u00bb#ffffff\u00bb column_padding=\u00bbpadding-5&#8243; column_center=\u00bbtrue\u00bb width=\u00bb1\/3&#8243;][vc_column_text]El 2015 se me plante\u00f3 un nuevo desaf\u00edo: elaborar un Plan de Manejo del Parque Rapa Nui, que definiera las nuevas directrices, con la participaci\u00f3n de los actores claves y la comunidad en general. El a\u00f1o 2017 se entreg\u00f3 en reuni\u00f3n plenaria de Codeipa, el documento de Planificaci\u00f3n a la Comunidad Ind\u00edgena Ma\u2019u Henua.[\/vc_column_text][\/vc_column][\/vc_row][vc_row top_padding=\u00bb100&#8243; bottom_padding=\u00bb100&#8243; bg_position=\u00bbleft top\u00bb][vc_column width=\u00bb1\/3&#8243;]<h3 class=\"headline font-special fontsize-l fontweight-700 lh-inherit align-left transform-uppercase \" style=\"margin: 0 0 20px 0; color: #333333;\">JUNTA DE VECINOS<\/h3><div class=\"divider divider6\" style='margin:0 !important;'><\/div>[\/vc_column][vc_column width=\u00bb2\/3&#8243;][vc_column_text]Ese mismo a\u00f1o, fui elegida presidenta de la Junta de Vecinos de Hanga Roa, impulsando el desarrollo de talleres de emprendimientos y dirigencia social, para lograr mayor incidencia de estos, en las pol\u00edticas p\u00fablicas de Rapa Nui, siendo esta junta reconocida al d\u00eda de hoy, como una organizaci\u00f3n social empoderada, que ha sabido perdurar en el tiempo.<\/p>\n<p>Pero la vida contin\u00faa y me veo motivada por seguir enfrentando nuevos desaf\u00edos, todos enfocados en el noble servicio social, atenta a las necesidades reales de la gente, con quienes mantengo una cercan\u00eda privilegiada, por cuanto cada acci\u00f3n comunitaria que he emprendido, me ha conectado con las necesidades reales de la gente y sus prioridades para una eficiente utilizaci\u00f3n de los recursos p\u00fablicos, de esta forma he aprendido a analizar nuestras problem\u00e1ticas, aplicando un criterio social, con el sello cultural particular nunca perdiendo de vista nuestra cosmovisi\u00f3n rapanui. Iorana![\/vc_column_text][\/vc_column][\/vc_row]<\/p>\n","protected":false},"excerpt":{"rendered":"<p>[vc_row bg_image=\u00bb15823&#8243; text_color=\u00bblight\u00bb top_padding=\u00bb300&#8243; bottom_padding=\u00bb60&#8243; bg_position=\u00bbcenter center\u00bb][vc_column width=\u00bb1\/1&#8243;][\/vc_column][\/vc_row][vc_row bg_color=\u00bb#ff8726&#8243; top_padding=\u00bb20&#8243; bottom_padding=\u00bb20&#8243; bg_position=\u00bbcenter center\u00bb][vc_column bg_color=\u00bb#ff8726&#8243; column_center=\u00bbtrue\u00bb width=\u00bb1\/1&#8243;][\/vc_column][\/vc_row][vc_row top_padding=\u00bb20&#8243; bottom_padding=\u00bb20&#8243; bg_position=\u00bbcenter center\u00bb][vc_column column_center=\u00bbtrue\u00bb width=\u00bb1\/1&#8243;][vc_single_image image=\u00bb15827&#8243; img_size=\u00bbfull\u00bb alignment=\u00bbcenter\u00bb][\/vc_column][\/vc_row][vc_row top_padding=\u00bb100&#8243; bottom_padding=\u00bb60&#8243; bg_position=\u00bbleft top\u00bb][vc_column width=\u00bb1\/3&#8243;][vc_column_text] Sobre M\u00ed Es dif\u00edcil poder resumir en pocas palabras lo que ha sido parte de mi vida\u2026Mi nombre es JOSEFINA IVONNE NAHOE ZAMORA, mujer rapanui, hija de Adolfo Zamora Arancibia ( Sargento FACH) y Ernestina Nahoe Pat\u00e9. Soy descendiente de antiguos linajes, heredera del Mana conciliador, constructivo y fuerte, que caracteriz\u00f3 a nuestros antepasados. De familia humilde y esforzada, nac\u00ed en el continente y estudi\u00e9 en colegios p\u00fablicos en comunas del gran Santiago. Siempre sent\u00ed la nostalgia de mi isla y vol\u00e9 al encuentro con mi familia cada vez que pude, absorbiendo en cada viaje la esencia cultural de mi pueblo. Con mucho esfuerzo ingres\u00e9 a los estudios superiores y logr\u00e9 buenos resultados acad\u00e9micos participando activamente en las actividades culturales de mi universidad.[\/vc_column_text][\/vc_column][vc_column width=\u00bb1\/3&#8243;][vc_column_text] Formaci\u00f3n y primeros a\u00f1os En 1992 egres\u00e9 de la carrera de Ingenier\u00eda Comercial, dejando orgullosa, como especial legado hasta hoy en d\u00eda, el baile Rapa Nui en el Conjunto Folcl\u00f3rico de la instituci\u00f3n. A partir de entonces comenc\u00e9 a ejercer en el Diario El Nortino de [&hellip;]<\/p>\n","protected":false},"author":1,"featured_media":0,"parent":0,"menu_order":0,"comment_status":"closed","ping_status":"closed","template":"","meta":{"footnotes":""},"class_list":["post-9380","page","type-page","status-publish","hentry"],"_links":{"self":[{"href":"https:\/\/ivonnenahoe.cl\/index.php?rest_route=\/wp\/v2\/pages\/9380","targetHints":{"allow":["GET"]}}],"collection":[{"href":"https:\/\/ivonnenahoe.cl\/index.php?rest_route=\/wp\/v2\/pages"}],"about":[{"href":"https:\/\/ivonnenahoe.cl\/index.php?rest_route=\/wp\/v2\/types\/page"}],"author":[{"embeddable":true,"href":"https:\/\/ivonnenahoe.cl\/index.php?rest_route=\/wp\/v2\/users\/1"}],"replies":[{"embeddable":true,"href":"https:\/\/ivonnenahoe.cl\/index.php?rest_route=%2Fwp%2Fv2%2Fcomments&post=9380"}],"version-history":[{"count":44,"href":"https:\/\/ivonnenahoe.cl\/index.php?rest_route=\/wp\/v2\/pages\/9380\/revisions"}],"predecessor-version":[{"id":15830,"href":"https:\/\/ivonnenahoe.cl\/index.php?rest_route=\/wp\/v2\/pages\/9380\/revisions\/15830"}],"wp:attachment":[{"href":"https:\/\/ivonnenahoe.cl\/index.php?rest_route=%2Fwp%2Fv2%2Fmedia&parent=9380"}],"curies":[{"name":"wp","href":"https:\/\/api.w.org\/{rel}","templated":true}]}}